{"id":461,"date":"2025-08-10T02:16:27","date_gmt":"2025-08-09T23:16:27","guid":{"rendered":"https:\/\/netkofire.com\/?page_id=461"},"modified":"2025-10-03T17:59:40","modified_gmt":"2025-10-03T14:59:40","slug":"cerez-politikamiz","status":"publish","type":"page","link":"https:\/\/netkofire.com\/de\/cerez-politikamiz\/","title":{"rendered":"Unsere Cookie-Richtlinie | Netko Fire | Brandmeldeanlagen"},"content":{"rendered":"<div data-elementor-type=\"wp-page\" data-elementor-id=\"461\" class=\"elementor elementor-461\">\n\t\t\t\t<div class=\"elementor-element elementor-element-881bc0e e-flex e-con-boxed elementor-invisible e-con e-parent\" data-id=\"881bc0e\" data-element_type=\"container\" data-settings=\"{&quot;jet_parallax_layout_list&quot;:[],&quot;animation&quot;:&quot;fadeInUp&quot;}\">\n\t\t\t\t\t<div class=\"e-con-inner\">\n\t\t\t\t<div class=\"elementor-element elementor-element-a285214 elementor-widget elementor-widget-heading\" data-id=\"a285214\" data-element_type=\"widget\" data-widget_type=\"heading.default\">\n\t\t\t\t\t<h2 class=\"elementor-heading-title elementor-size-default\">Cookie-Richtlinie\n<\/h2>\t\t\t\t<\/div>\n\t\t\t\t<div class=\"elementor-element elementor-element-90f3f77 elementor-widget elementor-widget-text-editor\" data-id=\"90f3f77\" data-element_type=\"widget\" data-widget_type=\"text-editor.default\">\n\t\t\t\t\t\t\t\t\t<p data-start=\"301\" data-end=\"471\">Diese Cookie-Richtlinie soll Informationen \u00fcber die Verwendung von Cookies auf den Ger\u00e4ten von Nutzern bereitstellen, die unsere Website besuchen.<\/p><p data-start=\"473\" data-end=\"631\">Durch die Nutzung unserer Website erkl\u00e4ren Sie sich mit der Verwendung von Cookies gem\u00e4\u00df dieser Richtlinie einverstanden. Sie k\u00f6nnen Ihre Cookie-Einstellungen jederzeit \u00e4ndern.<\/p><hr data-start=\"633\" data-end=\"636\" \/><h4 data-start=\"638\" data-end=\"660\"><strong data-start=\"641\" data-end=\"660\">1. Was sind Cookies?<\/strong><\/h4><p data-start=\"661\" data-end=\"870\">Cookies sind kleine Textdateien, die beim Besuch einer Website \u00fcber Ihren Browser auf Ihrem Ger\u00e4t gespeichert werden. Mithilfe von Cookies kann Ihr Ger\u00e4t w\u00e4hrend Ihres Besuchs auf der Website oder bei sp\u00e4teren Besuchen wiedererkannt werden.<\/p><hr data-start=\"872\" data-end=\"875\" \/><h4 data-start=\"877\" data-end=\"911\"><strong data-start=\"880\" data-end=\"911\">2. Verwendete Cookie-Arten<\/strong><\/h4><p data-start=\"912\" data-end=\"965\">Auf unserer Website k\u00f6nnen folgende Arten von Cookies verwendet werden:<\/p><ul data-start=\"967\" data-end=\"1611\"><li data-start=\"967\" data-end=\"1107\"><p data-start=\"969\" data-end=\"1107\"><strong data-start=\"969\" data-end=\"990\">Erforderliche Cookies:<\/strong> Diese Cookies sind f\u00fcr die Funktion der Website unerl\u00e4sslich. Sie erm\u00f6glichen grundlegende Funktionen wie Anmeldung, Sicherheit und das Ausf\u00fcllen von Formularen.<\/p><\/li><li data-start=\"1108\" data-end=\"1239\"><p data-start=\"1110\" data-end=\"1239\"><strong data-start=\"1110\" data-end=\"1135\">Leistungs-Cookies:<\/strong> Es dient der Analyse von Website-Traffic und Nutzungsstatistiken. Es identifiziert keine Nutzer.<\/p><\/li><li data-start=\"1240\" data-end=\"1343\"><p data-start=\"1242\" data-end=\"1343\"><strong data-start=\"1242\" data-end=\"1264\">Funktionale Cookies:<\/strong> Es verbessert das Benutzererlebnis, indem es Ihre Pr\u00e4ferenzen (Sprache, Region usw.) speichert.<\/p><\/li><li data-start=\"1344\" data-end=\"1488\"><p data-start=\"1346\" data-end=\"1488\"><strong data-start=\"1346\" data-end=\"1380\">Werbe- und Targeting-Cookies:<\/strong> Es wird verwendet, um Ihnen personalisierte Werbung basierend auf Ihren Interessen anzuzeigen (mit Ihrer ausdr\u00fccklichen Zustimmung).<\/p><\/li><li data-start=\"1489\" data-end=\"1611\"><p data-start=\"1491\" data-end=\"1611\"><strong data-start=\"1491\" data-end=\"1518\">Cookies von Drittanbietern:<\/strong> Analytische Tools k\u00f6nnen von Werbenetzwerken oder Social-Media-Plattformen eingesetzt werden.<\/p><\/li><\/ul><hr data-start=\"1613\" data-end=\"1616\" \/><h4 data-start=\"1618\" data-end=\"1656\"><strong data-start=\"1621\" data-end=\"1656\">3. Zweck der Verwendung von Cookies<\/strong><\/h4><p data-start=\"1657\" data-end=\"1701\">Cookies k\u00f6nnen f\u00fcr folgende Zwecke verwendet werden:<\/p><ul data-start=\"1702\" data-end=\"1912\"><li data-start=\"1702\" data-end=\"1757\"><p data-start=\"1704\" data-end=\"1757\">Um einen sicheren und effizienten Betrieb der Website zu gew\u00e4hrleisten.<\/p><\/li><li data-start=\"1758\" data-end=\"1793\"><p data-start=\"1760\" data-end=\"1793\">Speichern von Benutzereinstellungen<\/p><\/li><li data-start=\"1794\" data-end=\"1828\"><p data-start=\"1796\" data-end=\"1828\">Generierung von Verkehrsstatistiken<\/p><\/li><li data-start=\"1829\" data-end=\"1876\"><p data-start=\"1831\" data-end=\"1876\">Um Inhalte und Werbung bereitzustellen, die auf ihre Interessen zugeschnitten sind.<\/p><\/li><li data-start=\"1877\" data-end=\"1912\"><p data-start=\"1879\" data-end=\"1912\">Verbesserung der Benutzererfahrung<\/p><\/li><\/ul><hr data-start=\"1914\" data-end=\"1917\" \/><h4 data-start=\"1919\" data-end=\"1961\"><strong data-start=\"1922\" data-end=\"1961\">4. Cookies verwalten und l\u00f6schen<\/strong><\/h4><p data-start=\"1962\" data-end=\"2142\">\u00dcber Ihre Browsereinstellungen k\u00f6nnen Sie Cookies blockieren, l\u00f6schen oder Warnungen dazu erhalten.<br data-start=\"2047\" data-end=\"2050\" \/>Je nach verwendetem Browser finden Sie Informationen \u00fcber die folgenden Links:<\/p><ul data-start=\"2144\" data-end=\"2451\"><li data-start=\"2144\" data-end=\"2211\"><p data-start=\"2146\" data-end=\"2211\"><a class=\"cursor-pointer\" target=\"_new\" rel=\"noopener\" data-start=\"2146\" data-end=\"2209\">Google Chrome<\/a><\/p><\/li><li data-start=\"2212\" data-end=\"2277\"><p data-start=\"2214\" data-end=\"2277\"><a class=\"cursor-pointer\" target=\"_new\" rel=\"noopener\" data-start=\"2214\" data-end=\"2275\">Mozilla Firefox<\/a><\/p><\/li><li data-start=\"2278\" data-end=\"2378\"><p data-start=\"2280\" data-end=\"2378\"><a class=\"cursor-pointer\" target=\"_new\" rel=\"noopener\" data-start=\"2280\" data-end=\"2376\">Microsoft Edge<\/a><\/p><\/li><li data-start=\"2379\" data-end=\"2451\"><p data-start=\"2381\" data-end=\"2451\"><a class=\"cursor-pointer\" target=\"_new\" rel=\"noopener\" data-start=\"2381\" data-end=\"2449\">Safari<\/a><\/p><\/li><\/ul><p data-start=\"2453\" data-end=\"2544\">Wenn Sie Cookies deaktivieren, funktionieren einige Bereiche unserer Website m\u00f6glicherweise nicht ordnungsgem\u00e4\u00df.<\/p><hr data-start=\"2546\" data-end=\"2549\" \/><h4 data-start=\"2551\" data-end=\"2583\"><strong data-start=\"2554\" data-end=\"2583\">5. Cookies von Drittanbietern<\/strong><\/h4><p data-start=\"2584\" data-end=\"2799\">Unsere Website verwendet m\u00f6glicherweise Cookies von Drittanbietern wie Google Analytics und Facebook Pixel. Weitere Informationen zu diesen Cookies finden Sie in den jeweiligen Datenschutzrichtlinien der Anbieter.<\/p><hr data-start=\"2801\" data-end=\"2804\" \/><h4 data-start=\"2806\" data-end=\"2850\"><strong data-start=\"2809\" data-end=\"2850\">6. Ihre Rechte gem\u00e4\u00df KVKK und DSGVO<\/strong><\/h4><p data-start=\"2851\" data-end=\"2941\">Hinsichtlich Ihrer personenbezogenen Daten, die im Rahmen des KVKK und der DSGVO durch Cookies verarbeitet werden:<\/p><ul data-start=\"2942\" data-end=\"3080\"><li data-start=\"2942\" data-end=\"2963\"><p data-start=\"2944\" data-end=\"2963\">Zugriff anfordern<\/p><\/li><li data-start=\"2964\" data-end=\"2987\"><p data-start=\"2966\" data-end=\"2987\">Korrektur anfordern<\/p><\/li><li data-start=\"2988\" data-end=\"3008\"><p data-start=\"2990\" data-end=\"3008\">L\u00f6schung beantragen<\/p><\/li><li data-start=\"3009\" data-end=\"3031\"><p data-start=\"3011\" data-end=\"3031\">Einschr\u00e4nkung der Verarbeitung<\/p><\/li><li data-start=\"3032\" data-end=\"3080\"><p data-start=\"3034\" data-end=\"3080\">Einspruch gegen den Prozess<br data-start=\"3054\" data-end=\"3057\" \/>Du hast Rechte.<\/p><\/li><\/ul><p data-start=\"3082\" data-end=\"3172\">Sie k\u00f6nnen uns \u00fcber die Kommunikationskan\u00e4le auf unserer Website kontaktieren, um Ihre Rechte auszu\u00fcben.<\/p><hr data-start=\"3174\" data-end=\"3177\" \/><h4 data-start=\"3179\" data-end=\"3212\"><strong data-start=\"3182\" data-end=\"3212\">7. Politische \u00c4nderungen<\/strong><\/h4><p data-start=\"3213\" data-end=\"3321\">Diese Cookie-Richtlinie kann von Zeit zu Zeit aktualisiert werden. Die jeweils aktuelle Version tritt mit ihrer Ver\u00f6ffentlichung auf unserer Website in Kraft.<\/p>\t\t\t\t\t\t\t\t<\/div>\n\t\t\t\t\t<\/div>\n\t\t\t\t<\/div>\n\t\t\t\t<\/div>","protected":false},"excerpt":{"rendered":"<p>Cookie-Richtlinie Diese Cookie-Richtlinie informiert Sie \u00fcber die Verwendung von Cookies auf den Ger\u00e4ten der Nutzer unserer Website. Durch die Nutzung unserer Website erkl\u00e4ren Sie sich mit der Verwendung von Cookies gem\u00e4\u00df dieser Richtlinie einverstanden. Sie k\u00f6nnen Ihre Cookie-Einstellungen jederzeit \u00e4ndern. 1. Was sind Cookies? Cookies sind kleine Textdateien, die beim Besuch einer Website \u00fcber Ihren Browser auf Ihrem Ger\u00e4t gespeichert werden. Dank Cookies [\u2026]<\/p>","protected":false},"author":1,"featured_media":633,"parent":0,"menu_order":0,"comment_status":"closed","ping_status":"closed","template":"elementor_header_footer","meta":{"_acf_changed":false,"footnotes":""},"class_list":["post-461","page","type-page","status-publish","has-post-thumbnail","hentry"],"acf":[],"yoast_head":"<!-- This site is optimized with the Yoast SEO plugin v25.6 - https:\/\/yoast.com\/wordpress\/plugins\/seo\/ -->\n<title>\u00c7erez Politikam\u0131z | Netko Fire | Yang\u0131n Alarm Sistemleri - Netko Fire | Yang\u0131n Alarm Sistemleri<\/title>\n<meta name=\"robots\" content=\"index, follow, max-snippet:-1, max-image-preview:large, max-video-preview:-1\" \/>\n<link rel=\"canonical\" href=\"https:\/\/netkofire.com\/de\/cerez-politikamiz\/\" \/>\n<meta property=\"og:locale\" content=\"de_DE\" \/>\n<meta property=\"og:type\" content=\"article\" \/>\n<meta property=\"og:title\" content=\"\u00c7erez Politikam\u0131z | Netko Fire | Yang\u0131n Alarm Sistemleri - Netko Fire | Yang\u0131n Alarm Sistemleri\" \/>\n<meta property=\"og:description\" content=\"\u00c7erez Politikas\u0131 Bu \u00c7erez Politikas\u0131, web sitemizi ziyaret eden kullan\u0131c\u0131lar\u0131n cihazlar\u0131na yerle\u015ftirilen \u00e7erezlerin (\u201ccookie\u201d) kullan\u0131m\u0131 ile ilgili bilgi vermek amac\u0131yla haz\u0131rlanm\u0131\u015ft\u0131r. Web sitemizi kullanarak, bu politikada belirtilen \u00e7erezlerin kullan\u0131lmas\u0131n\u0131 kabul etmi\u015f olursunuz. \u00c7erez tercihlerinizi diledi\u011finiz zaman de\u011fi\u015ftirebilirsiniz. 1. \u00c7erez Nedir? \u00c7erezler, bir web sitesini ziyaret etti\u011finizde taray\u0131c\u0131n\u0131z arac\u0131l\u0131\u011f\u0131yla cihaz\u0131n\u0131za kaydedilen k\u00fc\u00e7\u00fck metin dosyalar\u0131d\u0131r. \u00c7erezler sayesinde, [&hellip;]\" \/>\n<meta property=\"og:url\" content=\"https:\/\/netkofire.com\/de\/cerez-politikamiz\/\" \/>\n<meta property=\"og:site_name\" content=\"Netko Fire | Yang\u0131n Alarm Sistemleri\" \/>\n<meta property=\"article:modified_time\" content=\"2025-10-03T14:59:40+00:00\" \/>\n<meta property=\"og:image\" content=\"https:\/\/netkofire.com\/wp-content\/uploads\/2025\/10\/Netkofire-favicon.png\" \/>\n\t<meta property=\"og:image:width\" content=\"1024\" \/>\n\t<meta property=\"og:image:height\" content=\"1024\" \/>\n\t<meta property=\"og:image:type\" content=\"image\/png\" \/>\n<meta name=\"twitter:card\" content=\"summary_large_image\" \/>\n<meta name=\"twitter:label1\" content=\"Gesch\u00e4tzte Lesezeit\" \/>\n\t<meta name=\"twitter:data1\" content=\"3\u00a0Minuten\" \/>\n<script type=\"application\/ld+json\" class=\"yoast-schema-graph\">{\"@context\":\"https:\/\/schema.org\",\"@graph\":[{\"@type\":\"WebPage\",\"@id\":\"https:\/\/netkofire.com\/cerez-politikamiz\/\",\"url\":\"https:\/\/netkofire.com\/cerez-politikamiz\/\",\"name\":\"\u00c7erez Politikam\u0131z | Netko Fire | Yang\u0131n Alarm Sistemleri - Netko Fire | Yang\u0131n Alarm Sistemleri\",\"isPartOf\":{\"@id\":\"https:\/\/netkofire.com\/#website\"},\"primaryImageOfPage\":{\"@id\":\"https:\/\/netkofire.com\/cerez-politikamiz\/#primaryimage\"},\"image\":{\"@id\":\"https:\/\/netkofire.com\/cerez-politikamiz\/#primaryimage\"},\"thumbnailUrl\":\"https:\/\/netkofire.com\/wp-content\/uploads\/2025\/10\/Netkofire-favicon.png\",\"datePublished\":\"2025-08-09T23:16:27+00:00\",\"dateModified\":\"2025-10-03T14:59:40+00:00\",\"breadcrumb\":{\"@id\":\"https:\/\/netkofire.com\/cerez-politikamiz\/#breadcrumb\"},\"inLanguage\":\"de\",\"potentialAction\":[{\"@type\":\"ReadAction\",\"target\":[\"https:\/\/netkofire.com\/cerez-politikamiz\/\"]}]},{\"@type\":\"ImageObject\",\"inLanguage\":\"de\",\"@id\":\"https:\/\/netkofire.com\/cerez-politikamiz\/#primaryimage\",\"url\":\"https:\/\/netkofire.com\/wp-content\/uploads\/2025\/10\/Netkofire-favicon.png\",\"contentUrl\":\"https:\/\/netkofire.com\/wp-content\/uploads\/2025\/10\/Netkofire-favicon.png\",\"width\":1024,\"height\":1024},{\"@type\":\"BreadcrumbList\",\"@id\":\"https:\/\/netkofire.com\/cerez-politikamiz\/#breadcrumb\",\"itemListElement\":[{\"@type\":\"ListItem\",\"position\":1,\"name\":\"Anasayfa\",\"item\":\"https:\/\/netkofire.com\/\"},{\"@type\":\"ListItem\",\"position\":2,\"name\":\"\u00c7erez Politikam\u0131z | Netko Fire | Yang\u0131n Alarm Sistemleri\"}]},{\"@type\":\"WebSite\",\"@id\":\"https:\/\/netkofire.com\/#website\",\"url\":\"https:\/\/netkofire.com\/\",\"name\":\"Netko Fire | Yang\u0131n Alarm Sistemleri\",\"description\":\"Netko Fire | Yang\u0131n Alarm Sistemleri\",\"potentialAction\":[{\"@type\":\"SearchAction\",\"target\":{\"@type\":\"EntryPoint\",\"urlTemplate\":\"https:\/\/netkofire.com\/?s={search_term_string}\"},\"query-input\":{\"@type\":\"PropertyValueSpecification\",\"valueRequired\":true,\"valueName\":\"search_term_string\"}}],\"inLanguage\":\"de\"}]}<\/script>\n<!-- \/ Yoast SEO plugin. -->","yoast_head_json":{"title":"\u00c7erez Politikam\u0131z | Netko Fire | Yang\u0131n Alarm Sistemleri - Netko Fire | Yang\u0131n Alarm Sistemleri","robots":{"index":"index","follow":"follow","max-snippet":"max-snippet:-1","max-image-preview":"max-image-preview:large","max-video-preview":"max-video-preview:-1"},"canonical":"https:\/\/netkofire.com\/de\/cerez-politikamiz\/","og_locale":"de_DE","og_type":"article","og_title":"\u00c7erez Politikam\u0131z | Netko Fire | Yang\u0131n Alarm Sistemleri - Netko Fire | Yang\u0131n Alarm Sistemleri","og_description":"\u00c7erez Politikas\u0131 Bu \u00c7erez Politikas\u0131, web sitemizi ziyaret eden kullan\u0131c\u0131lar\u0131n cihazlar\u0131na yerle\u015ftirilen \u00e7erezlerin (\u201ccookie\u201d) kullan\u0131m\u0131 ile ilgili bilgi vermek amac\u0131yla haz\u0131rlanm\u0131\u015ft\u0131r. Web sitemizi kullanarak, bu politikada belirtilen \u00e7erezlerin kullan\u0131lmas\u0131n\u0131 kabul etmi\u015f olursunuz. \u00c7erez tercihlerinizi diledi\u011finiz zaman de\u011fi\u015ftirebilirsiniz. 1. \u00c7erez Nedir? \u00c7erezler, bir web sitesini ziyaret etti\u011finizde taray\u0131c\u0131n\u0131z arac\u0131l\u0131\u011f\u0131yla cihaz\u0131n\u0131za kaydedilen k\u00fc\u00e7\u00fck metin dosyalar\u0131d\u0131r. \u00c7erezler sayesinde, [&hellip;]","og_url":"https:\/\/netkofire.com\/de\/cerez-politikamiz\/","og_site_name":"Netko Fire | Yang\u0131n Alarm Sistemleri","article_modified_time":"2025-10-03T14:59:40+00:00","og_image":[{"width":1024,"height":1024,"url":"https:\/\/netkofire.com\/wp-content\/uploads\/2025\/10\/Netkofire-favicon.png","type":"image\/png"}],"twitter_card":"summary_large_image","twitter_misc":{"Gesch\u00e4tzte Lesezeit":"3\u00a0Minuten"},"schema":{"@context":"https:\/\/schema.org","@graph":[{"@type":"WebPage","@id":"https:\/\/netkofire.com\/cerez-politikamiz\/","url":"https:\/\/netkofire.com\/cerez-politikamiz\/","name":"\u00c7erez Politikam\u0131z | Netko Fire | Yang\u0131n Alarm Sistemleri - Netko Fire | Yang\u0131n Alarm Sistemleri","isPartOf":{"@id":"https:\/\/netkofire.com\/#website"},"primaryImageOfPage":{"@id":"https:\/\/netkofire.com\/cerez-politikamiz\/#primaryimage"},"image":{"@id":"https:\/\/netkofire.com\/cerez-politikamiz\/#primaryimage"},"thumbnailUrl":"https:\/\/netkofire.com\/wp-content\/uploads\/2025\/10\/Netkofire-favicon.png","datePublished":"2025-08-09T23:16:27+00:00","dateModified":"2025-10-03T14:59:40+00:00","breadcrumb":{"@id":"https:\/\/netkofire.com\/cerez-politikamiz\/#breadcrumb"},"inLanguage":"de","potentialAction":[{"@type":"ReadAction","target":["https:\/\/netkofire.com\/cerez-politikamiz\/"]}]},{"@type":"ImageObject","inLanguage":"de","@id":"https:\/\/netkofire.com\/cerez-politikamiz\/#primaryimage","url":"https:\/\/netkofire.com\/wp-content\/uploads\/2025\/10\/Netkofire-favicon.png","contentUrl":"https:\/\/netkofire.com\/wp-content\/uploads\/2025\/10\/Netkofire-favicon.png","width":1024,"height":1024},{"@type":"BreadcrumbList","@id":"https:\/\/netkofire.com\/cerez-politikamiz\/#breadcrumb","itemListElement":[{"@type":"ListItem","position":1,"name":"Anasayfa","item":"https:\/\/netkofire.com\/"},{"@type":"ListItem","position":2,"name":"\u00c7erez Politikam\u0131z | Netko Fire | Yang\u0131n Alarm Sistemleri"}]},{"@type":"WebSite","@id":"https:\/\/netkofire.com\/#website","url":"https:\/\/netkofire.com\/","name":"Netko Fire | Yang\u0131n Alarm Sistemleri","description":"Netko Fire | Yang\u0131n Alarm Sistemleri","potentialAction":[{"@type":"SearchAction","target":{"@type":"EntryPoint","urlTemplate":"https:\/\/netkofire.com\/?s={search_term_string}"},"query-input":{"@type":"PropertyValueSpecification","valueRequired":true,"valueName":"search_term_string"}}],"inLanguage":"de"}]}},"_links":{"self":[{"href":"https:\/\/netkofire.com\/de\/wp-json\/wp\/v2\/pages\/461","targetHints":{"allow":["GET"]}}],"collection":[{"href":"https:\/\/netkofire.com\/de\/wp-json\/wp\/v2\/pages"}],"about":[{"href":"https:\/\/netkofire.com\/de\/wp-json\/wp\/v2\/types\/page"}],"author":[{"embeddable":true,"href":"https:\/\/netkofire.com\/de\/wp-json\/wp\/v2\/users\/1"}],"replies":[{"embeddable":true,"href":"https:\/\/netkofire.com\/de\/wp-json\/wp\/v2\/comments?post=461"}],"version-history":[{"count":16,"href":"https:\/\/netkofire.com\/de\/wp-json\/wp\/v2\/pages\/461\/revisions"}],"predecessor-version":[{"id":656,"href":"https:\/\/netkofire.com\/de\/wp-json\/wp\/v2\/pages\/461\/revisions\/656"}],"wp:featuredmedia":[{"embeddable":true,"href":"https:\/\/netkofire.com\/de\/wp-json\/wp\/v2\/media\/633"}],"wp:attachment":[{"href":"https:\/\/netkofire.com\/de\/wp-json\/wp\/v2\/media?parent=461"}],"curies":[{"name":"wp","href":"https:\/\/api.w.org\/{rel}","templated":true}]}}